{"id":5559,"date":"2023-08-18T20:06:50","date_gmt":"2023-08-18T20:06:50","guid":{"rendered":"https:\/\/arcshore.es\/?page_id=5559"},"modified":"2023-08-18T21:34:13","modified_gmt":"2023-08-18T21:34:13","slug":"about","status":"publish","type":"page","link":"https:\/\/arcshore.es\/es\/about\/","title":{"rendered":"QUIENES SOMOS"},"content":{"rendered":"<div data-elementor-type=\"wp-page\" data-elementor-id=\"5559\" class=\"elementor elementor-5559\">\n\t\t\t\t\t\t<section class=\"elementor-section elementor-top-section elementor-element elementor-element-90a95b6 elementor-section-boxed elementor-section-height-default elementor-section-height-default\" data-id=\"90a95b6\" data-element_type=\"section\" data-e-type=\"section\" data-settings=\"{&quot;background_background&quot;:&quot;classic&quot;}\">\n\t\t\t\t\t\t<div class=\"elementor-container elementor-column-gap-default\">\n\t\t\t\t\t<div class=\"elementor-column elementor-col-100 elementor-top-column elementor-element elementor-element-1909d44\" data-id=\"1909d44\" data-element_type=\"column\" data-e-type=\"column\">\n\t\t\t<div class=\"elementor-widget-wrap elementor-element-populated\">\n\t\t\t\t\t\t<div class=\"elementor-element elementor-element-6be6d7c elementor-widget elementor-widget-heading\" data-id=\"6be6d7c\" data-element_type=\"widget\" data-e-type=\"widget\" data-widget_type=\"heading.default\">\n\t\t\t\t<div class=\"elementor-widget-container\">\n\t\t\t\t\t<h2 class=\"elementor-heading-title elementor-size-xxl\">QUIENES SOMOS<\/h2>\t\t\t\t<\/div>\n\t\t\t\t<\/div>\n\t\t\t\t\t<\/div>\n\t\t<\/div>\n\t\t\t\t\t<\/div>\n\t\t<\/section>\n\t\t\t\t<section class=\"elementor-section elementor-top-section elementor-element elementor-element-97c9ada elementor-section-full_width elementor-section-stretched elementor-section-height-default elementor-section-height-default\" data-id=\"97c9ada\" data-element_type=\"section\" data-e-type=\"section\" data-settings=\"{&quot;stretch_section&quot;:&quot;section-stretched&quot;}\">\n\t\t\t\t\t\t\t<div class=\"elementor-background-overlay\"><\/div>\n\t\t\t\t\t\t\t<div class=\"elementor-container elementor-column-gap-default\">\n\t\t\t\t\t<div class=\"elementor-column elementor-col-100 elementor-top-column elementor-element elementor-element-d291724\" data-id=\"d291724\" data-element_type=\"column\" data-e-type=\"column\">\n\t\t\t<div class=\"elementor-widget-wrap elementor-element-populated\">\n\t\t\t\t\t\t<div class=\"elementor-element elementor-element-0dc11c8 elementor-widget__width-initial elementor-widget elementor-widget-text-editor\" data-id=\"0dc11c8\" data-element_type=\"widget\" data-e-type=\"widget\" data-widget_type=\"text-editor.default\">\n\t\t\t\t<div class=\"elementor-widget-container\">\n\t\t\t\t\t\t\t\t\t<h2>Quienes somos - Invierte en tus sue\u00f1os con ArcShore\u00a0<\/h2><p>Bienvenido a Arcshore, su socio de confianza en proyectos de construcci\u00f3n e inversi\u00f3n. Con\nuna rica historia de excelencia y una visi\u00f3n de futuro, nos erigimos como un faro de\ninnovaci\u00f3n y fiabilidad en la industria de la construcci\u00f3n y la inversi\u00f3n. Nuestro compromiso\nde transformar las ideas en realidad y las inversiones en prosperidad impulsa todos los\naspectos de nuestras operaciones.\u00a0<\/p><h2>Misi\u00f3n\u00a0<\/h2><p>En Arcshore, nuestra misi\u00f3n est\u00e1 clara: crear espacios excepcionales que mejoren la vida y\nofrecer oportunidades de inversi\u00f3n que aseguren el futuro financiero. Creemos en el poder de\nla colaboraci\u00f3n, la innovaci\u00f3n y las pr\u00e1cticas sostenibles. Mediante la integraci\u00f3n de la\nconstrucci\u00f3n y la inversi\u00f3n, aspiramos a fomentar el desarrollo integral y contribuir\npositivamente a las comunidades a las que servimos.<\/p><h2>Lo que nos diferencia<\/h2><ol><li style=\"list-style-type: none;\"><ol><li style=\"list-style-type: none;\"><ol><li style=\"list-style-type: none;\"><ol><li>Experiencia integrada: Nuestro equipo est\u00e1 formado por profesionales experimentados tanto del sector de la construcci\u00f3n como del de inversi\u00f3n. Este enfoque integrado nos permite entregar proyectos que no solo cumplen con la brillantez arquitect\u00f3nica sino que tambi\u00e9n generan retornos sustanciales de la inversi\u00f3n.<\/li><li>Innovaci\u00f3n y calidad: estamos comprometidos a superar los l\u00edmites de la innovaci\u00f3n manteniendo los m\u00e1s altos est\u00e1ndares de calidad. Desde t\u00e9cnicas de construcci\u00f3n de \u00faltima generaci\u00f3n hasta estrategias de inversi\u00f3n de vanguardia, superamos constantemente las expectativas.<\/li><li>Enfoque centrado en el cliente: sus sue\u00f1os y aspiraciones est\u00e1n en el centro de todo lo que hacemos. Trabajamos estrechamente con los clientes para comprender sus necesidades \u00fanicas, garantizando que cada proyecto y plan de inversi\u00f3n est\u00e9 hecho a medida para lograr el \u00e9xito.<\/li><li>Sostenibilidad: Como guardianes del medio ambiente, priorizamos la sostenibilidad en todos nuestros proyectos. Nuestras pr\u00e1cticas de construcci\u00f3n ecol\u00f3gicas y nuestras opciones de inversi\u00f3n responsable reflejan nuestra dedicaci\u00f3n a un futuro m\u00e1s brillante y ecol\u00f3gico.<\/li><li>Transparencia e integridad: la comunicaci\u00f3n abierta y las pr\u00e1cticas comerciales \u00e9ticas forman la base de nuestras operaciones. Creemos en la construcci\u00f3n de relaciones duraderas basadas en la confianza, la transparencia y la integridad.<\/li><\/ol><\/li><\/ol><\/li><\/ol><\/li><\/ol><h2>Nuestros servicios<\/h2><ol><li style=\"list-style-type: none;\"><ol><li style=\"list-style-type: none;\"><ol><li style=\"list-style-type: none;\"><ol><li>Construcci\u00f3n: desde complejos residenciales hasta espacios comerciales, damos vida a visiones arquitect\u00f3nicas con precisi\u00f3n y delicadeza. Nuestro equipo maneja todos los aspectos, desde el dise\u00f1o y la planificaci\u00f3n hasta la ejecuci\u00f3n y finalizaci\u00f3n.<\/li><li>Inversi\u00f3n: Guiados por un equipo de expertos financieros, ofrecemos oportunidades de inversi\u00f3n que capitalizan las tendencias del mercado y al mismo tiempo mitigan los riesgos. Nuestra gama de opciones de inversi\u00f3n se adapta a diversos objetivos financieros.<\/li><\/ol><\/li><\/ol><\/li><\/ol><\/li><\/ol><h2>\u00danete a nosotros para construir el futuro<\/h2><p>\u00danete a nosotros en nuestro viaje para construir juntos sue\u00f1os e inversiones. Explora nuestro\nportafolio, conecta con nuestros expertos y emb\u00e1rcate en una asociaci\u00f3n que promueve\ncrecimiento, innovaci\u00f3n y prosperidad.<\/p>\t\t\t\t\t\t\t\t<\/div>\n\t\t\t\t<\/div>\n\t\t\t\t\t<\/div>\n\t\t<\/div>\n\t\t\t\t\t<\/div>\n\t\t<\/section>\n\t\t\t\t<\/div>","protected":false},"excerpt":{"rendered":"<p>About Us About Us &#8211; Invest in your dreams with Arcshore\u00a0 Welcome to Arcshore, your trusted partner in construction and investment endeavors. With a rich history of excellence and a forward-looking vision, we stand as a beacon of innovation and reliability in the construction and investment industry. Our commitment to transforming ideas into reality and [&hellip;]<\/p>\n","protected":false},"author":1,"featured_media":0,"parent":0,"menu_order":0,"comment_status":"closed","ping_status":"closed","template":"elementor_canvas","meta":{"footnotes":""},"class_list":["post-5559","page","type-page","status-publish","hentry"],"yoast_head":"<!-- This site is optimized with the Yoast SEO plugin v27.5 - https:\/\/yoast.com\/product\/yoast-seo-wordpress\/ -->\n<title>About Us - arcshore<\/title>\n<meta name=\"description\" content=\"About Us \u2013 Invest in your dreams with Arcshore . your trusted partner in construction and investment endeavors.\" \/>\n<meta name=\"robots\" content=\"index, follow, max-snippet:-1, max-image-preview:large, max-video-preview:-1\" \/>\n<link rel=\"canonical\" href=\"https:\/\/arcshore.es\/es\/about\/\" \/>\n<meta property=\"og:locale\" content=\"es_ES\" \/>\n<meta property=\"og:type\" content=\"article\" \/>\n<meta property=\"og:title\" content=\"About Us - arcshore\" \/>\n<meta property=\"og:description\" content=\"About Us \u2013 Invest in your dreams with Arcshore . your trusted partner in construction and investment endeavors.\" \/>\n<meta property=\"og:url\" content=\"https:\/\/arcshore.es\/es\/about\/\" \/>\n<meta property=\"og:site_name\" content=\"arcshore\" \/>\n<meta property=\"article:modified_time\" content=\"2023-08-18T21:34:13+00:00\" \/>\n<meta name=\"twitter:card\" content=\"summary_large_image\" \/>\n<meta name=\"twitter:label1\" content=\"Tiempo de lectura\" \/>\n\t<meta name=\"twitter:data1\" content=\"2 minutos\" \/>\n<script type=\"application\/ld+json\" class=\"yoast-schema-graph\">{\"@context\":\"https:\\\/\\\/schema.org\",\"@graph\":[{\"@type\":\"WebPage\",\"@id\":\"https:\\\/\\\/arcshore.es\\\/about\\\/\",\"url\":\"https:\\\/\\\/arcshore.es\\\/about\\\/\",\"name\":\"About Us - arcshore\",\"isPartOf\":{\"@id\":\"https:\\\/\\\/arcshore.es\\\/#website\"},\"datePublished\":\"2023-08-18T20:06:50+00:00\",\"dateModified\":\"2023-08-18T21:34:13+00:00\",\"description\":\"About Us \u2013 Invest in your dreams with Arcshore . your trusted partner in construction and investment endeavors.\",\"breadcrumb\":{\"@id\":\"https:\\\/\\\/arcshore.es\\\/about\\\/#breadcrumb\"},\"inLanguage\":\"es\",\"potentialAction\":[{\"@type\":\"ReadAction\",\"target\":[\"https:\\\/\\\/arcshore.es\\\/about\\\/\"]}]},{\"@type\":\"BreadcrumbList\",\"@id\":\"https:\\\/\\\/arcshore.es\\\/about\\\/#breadcrumb\",\"itemListElement\":[{\"@type\":\"ListItem\",\"position\":1,\"name\":\"Home\",\"item\":\"https:\\\/\\\/arcshore.es\\\/\"},{\"@type\":\"ListItem\",\"position\":2,\"name\":\"About Us\"}]},{\"@type\":\"WebSite\",\"@id\":\"https:\\\/\\\/arcshore.es\\\/#website\",\"url\":\"https:\\\/\\\/arcshore.es\\\/\",\"name\":\"arcshore\",\"description\":\"Real Estate\",\"publisher\":{\"@id\":\"https:\\\/\\\/arcshore.es\\\/#organization\"},\"potentialAction\":[{\"@type\":\"SearchAction\",\"target\":{\"@type\":\"EntryPoint\",\"urlTemplate\":\"https:\\\/\\\/arcshore.es\\\/?s={search_term_string}\"},\"query-input\":{\"@type\":\"PropertyValueSpecification\",\"valueRequired\":true,\"valueName\":\"search_term_string\"}}],\"inLanguage\":\"es\"},{\"@type\":\"Organization\",\"@id\":\"https:\\\/\\\/arcshore.es\\\/#organization\",\"name\":\"arcshore\",\"url\":\"https:\\\/\\\/arcshore.es\\\/\",\"logo\":{\"@type\":\"ImageObject\",\"inLanguage\":\"es\",\"@id\":\"https:\\\/\\\/arcshore.es\\\/#\\\/schema\\\/logo\\\/image\\\/\",\"url\":\"https:\\\/\\\/arcshore.es\\\/wp-content\\\/uploads\\\/2023\\\/08\\\/logo-1.png\",\"contentUrl\":\"https:\\\/\\\/arcshore.es\\\/wp-content\\\/uploads\\\/2023\\\/08\\\/logo-1.png\",\"width\":482,\"height\":235,\"caption\":\"arcshore\"},\"image\":{\"@id\":\"https:\\\/\\\/arcshore.es\\\/#\\\/schema\\\/logo\\\/image\\\/\"}}]}<\/script>\n<!-- \/ Yoast SEO plugin. -->","yoast_head_json":{"title":"About Us - arcshore","description":"About Us \u2013 Invest in your dreams with Arcshore . your trusted partner in construction and investment endeavors.","robots":{"index":"index","follow":"follow","max-snippet":"max-snippet:-1","max-image-preview":"max-image-preview:large","max-video-preview":"max-video-preview:-1"},"canonical":"https:\/\/arcshore.es\/es\/about\/","og_locale":"es_ES","og_type":"article","og_title":"About Us - arcshore","og_description":"About Us \u2013 Invest in your dreams with Arcshore . your trusted partner in construction and investment endeavors.","og_url":"https:\/\/arcshore.es\/es\/about\/","og_site_name":"arcshore","article_modified_time":"2023-08-18T21:34:13+00:00","twitter_card":"summary_large_image","twitter_misc":{"Tiempo de lectura":"2 minutos"},"schema":{"@context":"https:\/\/schema.org","@graph":[{"@type":"WebPage","@id":"https:\/\/arcshore.es\/about\/","url":"https:\/\/arcshore.es\/about\/","name":"About Us - arcshore","isPartOf":{"@id":"https:\/\/arcshore.es\/#website"},"datePublished":"2023-08-18T20:06:50+00:00","dateModified":"2023-08-18T21:34:13+00:00","description":"About Us \u2013 Invest in your dreams with Arcshore . your trusted partner in construction and investment endeavors.","breadcrumb":{"@id":"https:\/\/arcshore.es\/about\/#breadcrumb"},"inLanguage":"es","potentialAction":[{"@type":"ReadAction","target":["https:\/\/arcshore.es\/about\/"]}]},{"@type":"BreadcrumbList","@id":"https:\/\/arcshore.es\/about\/#breadcrumb","itemListElement":[{"@type":"ListItem","position":1,"name":"Home","item":"https:\/\/arcshore.es\/"},{"@type":"ListItem","position":2,"name":"About Us"}]},{"@type":"WebSite","@id":"https:\/\/arcshore.es\/#website","url":"https:\/\/arcshore.es\/","name":"arcshore","description":"Real Estate","publisher":{"@id":"https:\/\/arcshore.es\/#organization"},"potentialAction":[{"@type":"SearchAction","target":{"@type":"EntryPoint","urlTemplate":"https:\/\/arcshore.es\/?s={search_term_string}"},"query-input":{"@type":"PropertyValueSpecification","valueRequired":true,"valueName":"search_term_string"}}],"inLanguage":"es"},{"@type":"Organization","@id":"https:\/\/arcshore.es\/#organization","name":"arcshore","url":"https:\/\/arcshore.es\/","logo":{"@type":"ImageObject","inLanguage":"es","@id":"https:\/\/arcshore.es\/#\/schema\/logo\/image\/","url":"https:\/\/arcshore.es\/wp-content\/uploads\/2023\/08\/logo-1.png","contentUrl":"https:\/\/arcshore.es\/wp-content\/uploads\/2023\/08\/logo-1.png","width":482,"height":235,"caption":"arcshore"},"image":{"@id":"https:\/\/arcshore.es\/#\/schema\/logo\/image\/"}}]}},"_links":{"self":[{"href":"https:\/\/arcshore.es\/es\/wp-json\/wp\/v2\/pages\/5559","targetHints":{"allow":["GET"]}}],"collection":[{"href":"https:\/\/arcshore.es\/es\/wp-json\/wp\/v2\/pages"}],"about":[{"href":"https:\/\/arcshore.es\/es\/wp-json\/wp\/v2\/types\/page"}],"author":[{"embeddable":true,"href":"https:\/\/arcshore.es\/es\/wp-json\/wp\/v2\/users\/1"}],"replies":[{"embeddable":true,"href":"https:\/\/arcshore.es\/es\/wp-json\/wp\/v2\/comments?post=5559"}],"version-history":[{"count":3,"href":"https:\/\/arcshore.es\/es\/wp-json\/wp\/v2\/pages\/5559\/revisions"}],"predecessor-version":[{"id":5619,"href":"https:\/\/arcshore.es\/es\/wp-json\/wp\/v2\/pages\/5559\/revisions\/5619"}],"wp:attachment":[{"href":"https:\/\/arcshore.es\/es\/wp-json\/wp\/v2\/media?parent=5559"}],"curies":[{"name":"wp","href":"https:\/\/api.w.org\/{rel}","templated":true}]}}